{"id":107,"date":"2025-09-02T10:28:19","date_gmt":"2025-09-02T10:28:19","guid":{"rendered":"https:\/\/visitcantabria.org\/?page_id=107"},"modified":"2025-09-09T09:49:38","modified_gmt":"2025-09-09T09:49:38","slug":"huertos-urbanos","status":"publish","type":"page","link":"https:\/\/visitcantabria.org\/index.php\/huertos-urbanos\/","title":{"rendered":"HUERTOS URBANOS"},"content":{"rendered":"<p>[et_pb_section fb_built=\u00bb1&#8243; custom_padding_last_edited=\u00bbon|phone\u00bb _builder_version=\u00bb4.27.4&#8243; _module_preset=\u00bbdefault\u00bb use_background_color_gradient=\u00bbon\u00bb background_color_gradient_stops=\u00bbrgba(62,112,46,0.39) 0%|rgba(62,112,46,0.79) 100%\u00bb background_color_gradient_overlays_image=\u00bbon\u00bb background_image=\u00bbhttps:\/\/visitcantabria.org\/wp-content\/uploads\/2025\/09\/HUERTOS-URBANOS.jpg\u00bb background_position=\u00bbbottom_center\u00bb custom_padding=\u00bb43px||43px||true|false\u00bb custom_padding_tablet=\u00bb102px||102px||true|false\u00bb custom_padding_phone=\u00bb60px||60px||true|false\u00bb global_colors_info=\u00bb{}\u00bb][et_pb_row column_structure=\u00bb3_4,1_4&#8243; _builder_version=\u00bb4.27.4&#8243; _module_preset=\u00bbdefault\u00bb custom_margin=\u00bb0px||0px||false|false\u00bb custom_padding=\u00bb0px||0px||false|false\u00bb global_colors_info=\u00bb{}\u00bb][et_pb_column type=\u00bb3_4&#8243; _builder_version=\u00bb4.27.4&#8243; _module_preset=\u00bbdefault\u00bb global_colors_info=\u00bb{}\u00bb][et_pb_text _builder_version=\u00bb4.27.4&#8243; _module_preset=\u00bbdefault\u00bb text_font=\u00bbEB Garamond||||||||\u00bb text_text_color=\u00bb#f5f8ee\u00bb text_font_size=\u00bb63px\u00bb custom_margin=\u00bb100px||||false|false\u00bb custom_margin_tablet=\u00bb100px||||false|false\u00bb custom_margin_phone=\u00bb-2px||||false|false\u00bb custom_margin_last_edited=\u00bbon|phone\u00bb text_font_size_tablet=\u00bb63px\u00bb text_font_size_phone=\u00bb50px\u00bb text_font_size_last_edited=\u00bbon|phone\u00bb text_line_height_tablet=\u00bb\u00bb text_line_height_phone=\u00bb1.4em\u00bb text_line_height_last_edited=\u00bbon|phone\u00bb text_orientation_tablet=\u00bb\u00bb text_orientation_phone=\u00bbcenter\u00bb text_orientation_last_edited=\u00bbon|phone\u00bb global_colors_info=\u00bb{}\u00bb]<\/p>\n<p>HUERTOS URBANOS<\/p>\n<p>[\/et_pb_text][et_pb_text _builder_version=\u00bb4.27.4&#8243; _module_preset=\u00bbdefault\u00bb text_font=\u00bbEB Garamond||||||||\u00bb text_text_color=\u00bb#f5f8ee\u00bb text_font_size=\u00bb69px\u00bb custom_margin=\u00bb79px||||false|false\u00bb custom_margin_tablet=\u00bb79px||||false|false\u00bb custom_margin_phone=\u00bb44px||34px||false|false\u00bb custom_margin_last_edited=\u00bbon|phone\u00bb text_orientation_tablet=\u00bb\u00bb text_orientation_phone=\u00bbcenter\u00bb text_orientation_last_edited=\u00bbon|phone\u00bb global_colors_info=\u00bb{}\u00bb]<\/p>\n<p>Alquiler<\/p>\n<p>[\/et_pb_text][\/et_pb_column][et_pb_column type=\u00bb1_4&#8243; _builder_version=\u00bb4.27.4&#8243; _module_preset=\u00bbdefault\u00bb global_colors_info=\u00bb{}\u00bb][et_pb_text _builder_version=\u00bb4.27.4&#8243; _module_preset=\u00bbdefault\u00bb global_colors_info=\u00bb{}\u00bb]<\/p>\n\n    <div class=\"es-search__wrapper es-search__wrapper--vertical \">\n\n        \n        <form action=\"https:\/\/visitcantabria.org\/index.php\/resultados-de-la-busqueda\/\" role=\"search\" method=\"get\">\n\n                                        \n                                                                        <div class=\"es-search__field es-search__field--price\">\n                            <div class=\"es-field__label\">\n            <label for=\"es-search-price-input\">\n            Precio\n            <\/label><\/div><div class=\"es-field__wrap \"><div class=\"es-field__range\">\n                                 <input id=\"es-search-price-input-min\" type=\"text\" placeholder=\"min\" name=\"es_search[price][min]\"  step=\"any\"  value=\"\"\/><input id=\"es-search-price-input-max\" type=\"text\" placeholder=\"max\" name=\"es_search[price][max]\"  step=\"any\"  value=\"\"\/><\/div><\/div>                        <\/div>\n                                                                                                        <div class=\"es-search__field es-search__field--es_category\">\n                            <div class=\"es-field__label\">\n            <label for=\"es-search-es_category-input\">\n            Categor\u00eda\n            <\/label><\/div><div class=\"es-field__wrap \"><select name=\"es_search[es_category][]\"  class=\"es-select2-tags\" multiple=\"1\" data-placeholder=\"Categor\u00eda\" id=\"es-search-es_category-input\" value=\"\" ><option>-- Elija Categor\u00eda --<\/option><option value=\"85\" >Alquiler<\/option><option value=\"44\" >ALQUILER ALOJAMIENTOS<\/option><option value=\"86\" >Alquiler Garages, Trasteros<\/option><option value=\"87\" >Alquiler Locales<\/option><option value=\"42\" >COWORKING<\/option><option value=\"84\" >GARAGE<\/option><option value=\"43\" >HUERTOS URBANOS<\/option><option value=\"119\" >Por Noche<\/option><option value=\"78\" >TRASPASO<\/option><option value=\"88\" >Trasteros<\/option><\/select><\/div>                        <\/div>\n                                                                                                        <div class=\"es-search__field es-search__field--es_status\">\n                            <div class=\"es-field__label\">\n            <label for=\"es-search-es_status-input\">\n            Zona\n            <\/label><\/div><div class=\"es-field__wrap \"><select name=\"es_search[es_status][]\"  class=\"es-select2-tags\" multiple=\"1\" data-placeholder=\"Zona\" id=\"es-search-es_status-input\" value=\"\" ><option>-- Elija Zona --<\/option><option value=\"107\" >El Alisal<\/option><option value=\"80\" >Meruelo<\/option><option value=\"79\" >Momp\u00eda<\/option><option value=\"90\" >Pontejos<\/option><option value=\"89\" >Quijano<\/option><option value=\"93\" >Renedo de Pi\u00e9lagos<\/option><option value=\"108\" >Santander<\/option><option value=\"92\" >Zurita de Pi\u00e9lagos<\/option><\/select><\/div>                        <\/div>\n                                                                                                        <div class=\"es-search__field es-search__field--es_type\">\n                            <div class=\"es-field__label\">\n            <label for=\"es-search-es_type-input\">\n            Tipo\n            <\/label><\/div><div class=\"es-field__wrap \"><select name=\"es_search[es_type][]\"  class=\"es-select2-tags\" multiple=\"1\" data-placeholder=\"Tipo\" id=\"es-search-es_type-input\" value=\"\" ><option>-- Elija Tipo --<\/option><option value=\"45\" >Apartamento<\/option><option value=\"47\" >Garage<\/option><option value=\"49\" >Huerto Urbano<\/option><option value=\"46\" >Local<\/option><option value=\"118\" >Loft<\/option><option value=\"51\" >Oficina<\/option><option value=\"55\" >Piso<\/option><option value=\"48\" >Trastero<\/option><\/select><\/div>                        <\/div>\n                                                                        \n            \n            <div class=\"es-search__buttons\">\n                <div class=\"es-button__wrap\">\n                    <input type=\"reset\" class=\"es-button es-button-gray\" value=\"Recomponer\"\/>\n                <\/div>\n                <div class=\"es-button__wrap\">\n                    <input type=\"submit\" class=\"es-button es-button-orange-corner\" value=\"Buscar \"\/>\n                <\/div>\n\t                        <\/div>\n\n            <div class=\"es-search__messages js-es-search__messages\"><\/div>\n\n            \n        <\/form>\n\n    <\/div>\n\n<p>[\/et_pb_text][\/et_pb_column][\/et_pb_row][\/et_pb_section][et_pb_section fb_built=\u00bb1&#8243; _builder_version=\u00bb4.27.4&#8243; _module_preset=\u00bbdefault\u00bb background_color=\u00bb#f5f8ee\u00bb custom_padding=\u00bb12px||12px|||\u00bb global_colors_info=\u00bb{}\u00bb][et_pb_row _builder_version=\u00bb4.27.4&#8243; _module_preset=\u00bbdefault\u00bb width=\u00bb90%\u00bb max_width=\u00bb1250px\u00bb global_colors_info=\u00bb{}\u00bb][et_pb_column type=\u00bb4_4&#8243; _builder_version=\u00bb4.27.4&#8243; _module_preset=\u00bbdefault\u00bb global_colors_info=\u00bb{}\u00bb][et_pb_text _builder_version=\u00bb4.27.4&#8243; _module_preset=\u00bbdefault\u00bb text_font=\u00bb|300|||||||\u00bb text_text_color=\u00bb#3e702e\u00bb text_font_size=\u00bb34px\u00bb text_line_height=\u00bb1.3em\u00bb text_orientation=\u00bbcenter\u00bb width=\u00bb63%\u00bb width_tablet=\u00bb63%\u00bb width_phone=\u00bb63%\u00bb width_last_edited=\u00bbon|desktop\u00bb module_alignment=\u00bbcenter\u00bb global_colors_info=\u00bb{}\u00bb]<\/p>\n<p>\u00bfTe gustar\u00eda cultivar tus propias hortalizas, frutas o flores en un entorno natural pero con todas las comodidades?<\/p>\n<p>[\/et_pb_text][et_pb_text _builder_version=\u00bb4.27.4&#8243; _module_preset=\u00bbdefault\u00bb text_font=\u00bb|300|||||||\u00bb text_text_color=\u00bb#0e2b0c\u00bb text_font_size=\u00bb25px\u00bb text_line_height=\u00bb1.3em\u00bb text_orientation=\u00bbcenter\u00bb width=\u00bb89%\u00bb global_colors_info=\u00bb{}\u00bb]<\/p>\n<p>Cultiva tus propias frutas y hortalizas, en un entorno natural con todas las comodidades en una parcela con treinta huertos urbanos de unos 100 metros cuadrados, dotado de agua, electricidad, iluminaci\u00f3n, con buenas comunicaciones, y en un entorno tranquilo y seguro.<\/p>\n<p>[\/et_pb_text][et_pb_divider color=\u00bb#c4c4c4&#8243; _builder_version=\u00bb4.27.4&#8243; _module_preset=\u00bbdefault\u00bb global_colors_info=\u00bb{}\u00bb][\/et_pb_divider][et_pb_text _builder_version=\u00bb4.27.4&#8243; _module_preset=\u00bbdefault\u00bb text_font_size=\u00bb19px\u00bb text_line_height=\u00bb1.4em\u00bb global_colors_info=\u00bb{}\u00bb]<\/p>\n<p>\ud83c\udf31 Alquila tu propio huerto urbano en Cantabria<\/p>\n<p>\ud83c\udf3f Ideal para amantes de la agricultura ecol\u00f3gica, familias que buscan un espacio de ocio saludable o personas que quieran disfrutar de un estilo de vida m\u00e1s sostenible.<\/p>\n<p>\ud83d\udcb0 Condiciones flexibles y a precio asequible.<\/p>\n<p>\ud83d\udcde Contacta ahora y asegura tu huerto urbano: \u00a1empieza a cultivar y disfrutar de tu propia cosecha!<\/p>\n<p>[\/et_pb_text][\/et_pb_column][\/et_pb_row][\/et_pb_section][et_pb_section fb_built=\u00bb1&#8243; _builder_version=\u00bb4.27.4&#8243; _module_preset=\u00bbdefault\u00bb background_color=\u00bb#f5f8ee\u00bb custom_padding=\u00bb19px||120px||false|\u00bb global_colors_info=\u00bb{}\u00bb][et_pb_row _builder_version=\u00bb4.27.4&#8243; _module_preset=\u00bbdefault\u00bb width=\u00bb90%\u00bb max_width=\u00bb1250px\u00bb hover_enabled=\u00bb0&#8243; global_colors_info=\u00bb{}\u00bb make_equal=\u00bbon\u00bb sticky_enabled=\u00bb0&#8243;][et_pb_column type=\u00bb4_4&#8243; _builder_version=\u00bb4.27.4&#8243; _module_preset=\u00bbdefault\u00bb global_colors_info=\u00bb{}\u00bb][et_pb_text _builder_version=\u00bb4.27.4&#8243; _module_preset=\u00bbdefault\u00bb text_font=\u00bbEB Garamond||||||||\u00bb hover_enabled=\u00bb0&#8243; global_colors_info=\u00bb{}\u00bb text_line_height=\u00bb1.5em\u00bb header_font=\u00bbEB Garamond||||||||\u00bb header_text_align=\u00bbleft\u00bb header_font_size=\u00bb27px\u00bb header_line_height=\u00bb1.3em\u00bb header_2_font=\u00bbEB Garamond||||||||\u00bb header_2_font_size=\u00bb24px\u00bb header_3_font=\u00bbEB Garamond||||||||\u00bb header_3_font_size=\u00bb20px\u00bb header_4_font=\u00bbEB Garamond||||||||\u00bb header_4_font_size=\u00bb16px\u00bb header_5_font=\u00bbEB Garamond||||||||\u00bb header_5_font_size=\u00bb15px\u00bb header_6_font=\u00bbEB Garamond||||||||\u00bb header_6_font_size=\u00bb13px\u00bb sticky_enabled=\u00bb0&#8243;]<\/p>\n\n    \n    <div class=\"es-wrap Divi\">\n                    \n    <form method=\"GET\" action=\"https:\/\/visitcantabria.org\/index.php\/wp-json\/wp\/v2\/pages\/107\" class=\"es-dropdown-container\">\n        <select class=\"js-es-select2-sort js-es-change-submit\" name=\"redirect_view_sort\">\n                            <option value=\"recent\"  selected='selected'>M\u00e1s reciente<\/option>\n                            <option value=\"highest_price\" >Precio m\u00e1s alto<\/option>\n                            <option value=\"lowest_price\" >Precio m\u00e1s bajo<\/option>\n                            <option value=\"featured\" >Destacado<\/option>\n                    <\/select>\n        <input type=\"hidden\" name=\"shortcode_identifier\" value=\"1\"\/>\n    <\/form>\n                <div class=\"es-listing es-layout-3_col\">\n                            \n<div id=\"post-266\" class=\"properties post-266 type-properties status-publish has-post-thumbnail hentry es_category-huertos-urbanos es_status-quijano es_type-huerto-urbano es_rent_period-alquiler-mensual\">\n    <div class=\"es-property-inner\">\n        <div class=\"es-property-thumbnail\">\n            <div class=\"es-thumbnail\">\n                <a href=\"https:\/\/visitcantabria.org\/index.php\/property\/huerto-urbanizado-en-quijano-ref-677\/\">\n                                            <img loading=\"lazy\" decoding=\"async\" width=\"536\" height=\"370\" src=\"https:\/\/visitcantabria.org\/wp-content\/uploads\/2025\/09\/AGCGB677-250820-WEB-Panoramica-02-536x370.jpg\" class=\"attachment-es-image-size-archive size-es-image-size-archive\" alt=\"\" \/>                    \n                                            <ul class=\"es-property-label-wrap\">\n                                                                                                <li class=\"es-property-label es-property-label-alquilado\"\n                                        style=\"color:#347a41\">Alquilado<\/li><br>\n                                                                                                                                                                                                                                                                                                                                    <\/ul>\n                    \t                                        <div class=\"es-thumbnail-bottom\">6<\/div>\n\t                                <\/a>\n            <\/div>\n        <\/div>\n\n        <div class=\"es-property-info\">\n\n            <div class=\"es-row-view\">\n                <h2>\n                    <a href=\"https:\/\/visitcantabria.org\/index.php\/property\/huerto-urbanizado-en-quijano-ref-677\/\">Huerto urbanizado en Quijano &#8211; Ref: 677<\/a>\n                    <span class=\"es-price\">99,00 \u20ac<\/span>                <\/h2>\n            <\/div>\n\n            <div class=\"es-col-view\">\n                <h2>\n                    <a class=\"es-property-link\" href=\"https:\/\/visitcantabria.org\/index.php\/property\/huerto-urbanizado-en-quijano-ref-677\/\">Huerto urbanizado en Quijano &#8211; Ref: 677<\/a>\n\t                <a href='#' class='js-es-wishlist-button' data-id='266' data-method='add'><i class='fa fa-heart-o' aria-hidden='true'><\/i><\/a>                <\/h2>\n\t            <span class=\"es-price\">99,00 \u20ac<\/span>            <\/div>\n\n\t        \n            <div class=\"es-property-content\">\n                <div class=\"es-property-excerpt\">\n\t\t            <p>Parcelas de 100 m2 en Quijano adaptadas para su uso, dotado de agua, electricidad, caseta de aperos propia y otra comunitaria. Ubicaci\u00f3n: Quijano Precio 99\u20ac\/mes+IVA CONDICIONES: Duraci\u00f3n m\u00ednima un a\u00f1o y el precio incluye gastos comunitarios.<\/p>\n                <\/div>\n                <div class=\"es-property-wishlist\">\n\t\t            <a href='#' class='js-es-wishlist-button' data-id='266' data-method='add'><i class='fa fa-heart-o' aria-hidden='true'><\/i><\/a>                <\/div>\n            <\/div>\n\n            \n            <div class=\"es-bottom-info\">\n                \t\t\t<div class=\"es-bottom-icon__list\">\t\t\t\t\t\t<span class=\"es-bottom-icon\">\n                            \t                            <span class=\"es-meta-icon es-meta-icon--area\" style=\"background-image: url(https:\/\/visitcantabria.org\/wp-content\/plugins\/estatik\/assets\/images\/squirefit_icon.png);\"><\/span>\n                            \t\t\t\t\t\t\t100 m\u00b2                        <\/span>\n\t\t\t\t\t\t\t\t\t\t\t\t\t\t\t\t\t\t\t\t\t\t\t<span class=\"es-bottom-icon\">\n                            \t\t\t\t\t\t\t\/mes + IVA                        <\/span>\n\t\t\t\t\t\t\t\t\t<\/div>\n\t\t\n                <div class=\"es-details-wrap\">\n                    <div class=\"es-details-flex\">\n                                                <span class=\"es-read-wrap\">\n                            <a href=\"https:\/\/visitcantabria.org\/index.php\/property\/huerto-urbanizado-en-quijano-ref-677\/\" class=\"es-button es-button-orange es-hover-show es-read\">Detalles<\/a>\n                        <\/span>\n                    <\/div>\n                <\/div>\n            <\/div>\n        <\/div>\n\n    <\/div>\n<\/div>\n                            \n<div id=\"post-274\" class=\"properties post-274 type-properties status-publish has-post-thumbnail hentry es_category-huertos-urbanos es_status-pontejos es_type-huerto-urbano es_rent_period-alquiler-mensual\">\n    <div class=\"es-property-inner\">\n        <div class=\"es-property-thumbnail\">\n            <div class=\"es-thumbnail\">\n                <a href=\"https:\/\/visitcantabria.org\/index.php\/property\/huerto-urbanizado-en-pontejos-ref-576\/\">\n                                            <img loading=\"lazy\" decoding=\"async\" width=\"536\" height=\"370\" src=\"https:\/\/visitcantabria.org\/wp-content\/uploads\/2025\/09\/AGCGB677-250820-WEB-Panoramica-06-536x370.jpg\" class=\"attachment-es-image-size-archive size-es-image-size-archive\" alt=\"\" srcset=\"https:\/\/visitcantabria.org\/wp-content\/uploads\/2025\/09\/AGCGB677-250820-WEB-Panoramica-06-536x370.jpg 536w, https:\/\/visitcantabria.org\/wp-content\/uploads\/2025\/09\/AGCGB677-250820-WEB-Panoramica-06-480x278.jpg 480w\" sizes=\"(min-width: 0px) and (max-width: 480px) 480px, (min-width: 481px) 536px, 100vw\" \/>                    \n                                            <ul class=\"es-property-label-wrap\">\n                                                                                                <li class=\"es-property-label es-property-label-alquilado\"\n                                        style=\"color:#347a41\">Alquilado<\/li><br>\n                                                                                                                                                                                                                                                                                                                                    <\/ul>\n                    \t                                        <div class=\"es-thumbnail-bottom\">6<\/div>\n\t                                <\/a>\n            <\/div>\n        <\/div>\n\n        <div class=\"es-property-info\">\n\n            <div class=\"es-row-view\">\n                <h2>\n                    <a href=\"https:\/\/visitcantabria.org\/index.php\/property\/huerto-urbanizado-en-pontejos-ref-576\/\">Huerto urbanizado en Pontejos &#8211; Ref: 576<\/a>\n                    <span class=\"es-price\">99,00 \u20ac<\/span>                <\/h2>\n            <\/div>\n\n            <div class=\"es-col-view\">\n                <h2>\n                    <a class=\"es-property-link\" href=\"https:\/\/visitcantabria.org\/index.php\/property\/huerto-urbanizado-en-pontejos-ref-576\/\">Huerto urbanizado en Pontejos &#8211; Ref: 576<\/a>\n\t                <a href='#' class='js-es-wishlist-button' data-id='274' data-method='add'><i class='fa fa-heart-o' aria-hidden='true'><\/i><\/a>                <\/h2>\n\t            <span class=\"es-price\">99,00 \u20ac<\/span>            <\/div>\n\n\t        \n            <div class=\"es-property-content\">\n                <div class=\"es-property-excerpt\">\n\t\t            <p>Parcelas de 100 m2 en Pontejos adaptadas para su uso, dotado de agua, electricidad, caseta de aperos propia y otra comunitaria. Ubicaci\u00f3n: Pontejos Precio 99\u20ac\/mes+IVA CONDICIONES: Duraci\u00f3n m\u00ednima un a\u00f1o y el precio incluye gastos comunitarios.<\/p>\n                <\/div>\n                <div class=\"es-property-wishlist\">\n\t\t            <a href='#' class='js-es-wishlist-button' data-id='274' data-method='add'><i class='fa fa-heart-o' aria-hidden='true'><\/i><\/a>                <\/div>\n            <\/div>\n\n            \n            <div class=\"es-bottom-info\">\n                \t\t\t<div class=\"es-bottom-icon__list\">\t\t\t\t\t\t<span class=\"es-bottom-icon\">\n                            \t                            <span class=\"es-meta-icon es-meta-icon--area\" style=\"background-image: url(https:\/\/visitcantabria.org\/wp-content\/plugins\/estatik\/assets\/images\/squirefit_icon.png);\"><\/span>\n                            \t\t\t\t\t\t\t100 m\u00b2                        <\/span>\n\t\t\t\t\t\t\t\t\t\t\t\t\t\t\t\t\t\t\t\t\t\t\t<span class=\"es-bottom-icon\">\n                            \t\t\t\t\t\t\t\/mes + IVA                        <\/span>\n\t\t\t\t\t\t\t\t\t<\/div>\n\t\t\n                <div class=\"es-details-wrap\">\n                    <div class=\"es-details-flex\">\n                                                <span class=\"es-read-wrap\">\n                            <a href=\"https:\/\/visitcantabria.org\/index.php\/property\/huerto-urbanizado-en-pontejos-ref-576\/\" class=\"es-button es-button-orange es-hover-show es-read\">Detalles<\/a>\n                        <\/span>\n                    <\/div>\n                <\/div>\n            <\/div>\n        <\/div>\n\n    <\/div>\n<\/div>\n                    <\/div>\n\n            <\/div>\n            \n<p>[\/et_pb_text][\/et_pb_column][\/et_pb_row][\/et_pb_section]<\/p>\n","protected":false},"excerpt":{"rendered":"<p>[et_pb_section fb_built=\u00bb1&#8243; custom_padding_last_edited=\u00bbon|phone\u00bb _builder_version=\u00bb4.27.4&#8243; _module_preset=\u00bbdefault\u00bb use_background_color_gradient=\u00bbon\u00bb background_color_gradient_stops=\u00bbrgba(62,112,46,0.39) 0%|rgba(62,112,46,0.79) 100%\u00bb background_color_gradient_overlays_image=\u00bbon\u00bb background_image=\u00bbhttps:\/\/visitcantabria.org\/wp-content\/uploads\/2025\/09\/HUERTOS-URBANOS.jpg\u00bb background_position=\u00bbbottom_center\u00bb custom_padding=\u00bb43px||43px||true|false\u00bb custom_padding_tablet=\u00bb102px||102px||true|false\u00bb custom_padding_phone=\u00bb60px||60px||true|false\u00bb global_colors_info=\u00bb{}\u00bb][et_pb_row column_structure=\u00bb3_4,1_4&#8243; _builder_version=\u00bb4.27.4&#8243; _module_preset=\u00bbdefault\u00bb custom_margin=\u00bb0px||0px||false|false\u00bb custom_padding=\u00bb0px||0px||false|false\u00bb global_colors_info=\u00bb{}\u00bb][et_pb_column type=\u00bb3_4&#8243; _builder_version=\u00bb4.27.4&#8243; _module_preset=\u00bbdefault\u00bb global_colors_info=\u00bb{}\u00bb][et_pb_text _builder_version=\u00bb4.27.4&#8243; _module_preset=\u00bbdefault\u00bb text_font=\u00bbEB Garamond||||||||\u00bb text_text_color=\u00bb#f5f8ee\u00bb text_font_size=\u00bb63px\u00bb custom_margin=\u00bb100px||||false|false\u00bb custom_margin_tablet=\u00bb100px||||false|false\u00bb custom_margin_phone=\u00bb-2px||||false|false\u00bb custom_margin_last_edited=\u00bbon|phone\u00bb text_font_size_tablet=\u00bb63px\u00bb text_font_size_phone=\u00bb50px\u00bb text_font_size_last_edited=\u00bbon|phone\u00bb text_line_height_tablet=\u00bb\u00bb text_line_height_phone=\u00bb1.4em\u00bb text_line_height_last_edited=\u00bbon|phone\u00bb text_orientation_tablet=\u00bb\u00bb text_orientation_phone=\u00bbcenter\u00bb text_orientation_last_edited=\u00bbon|phone\u00bb global_colors_info=\u00bb{}\u00bb] HUERTOS URBANOS [\/et_pb_text][et_pb_text _builder_version=\u00bb4.27.4&#8243; _module_preset=\u00bbdefault\u00bb text_font=\u00bbEB Garamond||||||||\u00bb text_text_color=\u00bb#f5f8ee\u00bb text_font_size=\u00bb69px\u00bb [&hellip;]<\/p>\n","protected":false},"author":1,"featured_media":0,"parent":0,"menu_order":0,"comment_status":"closed","ping_status":"closed","template":"","meta":{"_et_pb_use_builder":"on","_et_pb_old_content":"","_et_gb_content_width":"","_joinchat":[],"footnotes":""},"class_list":["post-107","page","type-page","status-publish","hentry"],"_links":{"self":[{"href":"https:\/\/visitcantabria.org\/index.php\/wp-json\/wp\/v2\/pages\/107","targetHints":{"allow":["GET"]}}],"collection":[{"href":"https:\/\/visitcantabria.org\/index.php\/wp-json\/wp\/v2\/pages"}],"about":[{"href":"https:\/\/visitcantabria.org\/index.php\/wp-json\/wp\/v2\/types\/page"}],"author":[{"embeddable":true,"href":"https:\/\/visitcantabria.org\/index.php\/wp-json\/wp\/v2\/users\/1"}],"replies":[{"embeddable":true,"href":"https:\/\/visitcantabria.org\/index.php\/wp-json\/wp\/v2\/comments?post=107"}],"version-history":[{"count":0,"href":"https:\/\/visitcantabria.org\/index.php\/wp-json\/wp\/v2\/pages\/107\/revisions"}],"wp:attachment":[{"href":"https:\/\/visitcantabria.org\/index.php\/wp-json\/wp\/v2\/media?parent=107"}],"curies":[{"name":"wp","href":"https:\/\/api.w.org\/{rel}","templated":true}]}}